{"id":3315,"date":"2025-08-07T16:05:49","date_gmt":"2025-08-07T16:05:49","guid":{"rendered":"https:\/\/andesvolcanicaatacama.com\/?page_id=3315"},"modified":"2025-08-07T16:05:50","modified_gmt":"2025-08-07T16:05:50","slug":"volcan-lascar-2","status":"publish","type":"page","link":"https:\/\/andesvolcanicaatacama.com\/?page_id=3315","title":{"rendered":"Volc\u00e1n Lascar"},"content":{"rendered":"\n<p>El Lascar es un volc\u00e1n activo de 5.604 mts snm, considerado ascensi\u00f3n de alta monta\u00f1a. Est\u00e1 emplazado en el margen occidental de la planicie altipl\u00e1nica en la regi\u00f3n de Antofagasta, Chile. Su actividad se remonta hace al menos a unos 250 mil a\u00f1os. Actualmente es considerado uno de los volcanes m\u00e1s activos de Chile, presentando alrededor de 30 erupciones explosivas desde el siglo XIX, la \u00faltima de ellas ocurri\u00f3 en abril del a\u00f1o 1993, que provoc\u00f3 flujos pirocl\u00e1sticos y cenizas.<\/p>\n\n\n\n<p>ITINERARIO: Partiendo temprano en la ma\u00f1ana en direcci\u00f3n al sureste en un viaje de aproximadamente 2 horas llegamos a la laguna Lej\u00eda en donde tomaremos desayuno y luego nos dirigiremos en veh\u00edculo a los pies del volc\u00e1n en donde comenzaremos la ascensi\u00f3n.<\/p>\n\n\n\n<p>Despu\u00e9s de un ascenso de aproximadamente 3 horas llegaremos al cr\u00e1ter activo a observar su enorme extensi\u00f3n y las fumaron que salen del interior. Optativamente se puede alcanzar la cumbre ascendiendo 40 minutos m\u00e1s.<\/p>\n\n\n\n<p>NIVEL DE DIFICULTAD T\u00c9CNICA: F\u00e1cil NIVEL DE ESFUERZO F\u00cdSICO: Alto<\/p>\n\n\n\n<p>DURACI\u00d3N: 3-6 horas de ascensi\u00f3n y descenso, m\u00e1s 5 horas de viaje HORARIO: 5:00 \u2013 17:00 hrs INCLUYE: Traslados, guiado especializado, desayuno, raciones de marcha y bastones para la ascensi\u00f3n. Si las condiciones de la nieve lo requieren, se proveer\u00e1 a los excursionistas de crampones. RECOMENDACIONES: Como es un cerro de alta monta\u00f1a hay que estar preparado para afrontar bajas temperaturas y posible mal de altura, por lo que se hace necesario tener unos 3 d\u00edas de aclimataci\u00f3n en la zona tratando de realizar excursiones cercanas a los 4.000 mts. Beber bastante agua los d\u00edas previos a la ascensi\u00f3n ( 2 a 3 lts diarios).<\/p>\n\n\n\n<p>Llevar calzado de monta\u00f1a o trekking de ca\u00f1a alta, guantes, parka, gorro, sombrero, bloqueador solar, gafas para el sol, 2 litros de agua como m\u00ednimo bebida isot\u00f3nica.<\/p>\n","protected":false},"excerpt":{"rendered":"<p>El Lascar es un volc\u00e1n activo de 5.604 mts snm, considerado ascensi\u00f3n de alta monta\u00f1a. Est\u00e1 emplazado en el margen occidental de la planicie altipl\u00e1nica&#8230;<\/p>\n","protected":false},"author":1,"featured_media":0,"parent":0,"menu_order":0,"comment_status":"closed","ping_status":"closed","template":"","meta":{"footnotes":""},"class_list":["post-3315","page","type-page","status-publish"],"_links":{"self":[{"href":"https:\/\/andesvolcanicaatacama.com\/index.php?rest_route=\/wp\/v2\/pages\/3315","targetHints":{"allow":["GET"]}}],"collection":[{"href":"https:\/\/andesvolcanicaatacama.com\/index.php?rest_route=\/wp\/v2\/pages"}],"about":[{"href":"https:\/\/andesvolcanicaatacama.com\/index.php?rest_route=\/wp\/v2\/types\/page"}],"author":[{"embeddable":true,"href":"https:\/\/andesvolcanicaatacama.com\/index.php?rest_route=\/wp\/v2\/users\/1"}],"replies":[{"embeddable":true,"href":"https:\/\/andesvolcanicaatacama.com\/index.php?rest_route=%2Fwp%2Fv2%2Fcomments&post=3315"}],"version-history":[{"count":1,"href":"https:\/\/andesvolcanicaatacama.com\/index.php?rest_route=\/wp\/v2\/pages\/3315\/revisions"}],"predecessor-version":[{"id":3316,"href":"https:\/\/andesvolcanicaatacama.com\/index.php?rest_route=\/wp\/v2\/pages\/3315\/revisions\/3316"}],"wp:attachment":[{"href":"https:\/\/andesvolcanicaatacama.com\/index.php?rest_route=%2Fwp%2Fv2%2Fmedia&parent=3315"}],"curies":[{"name":"wp","href":"https:\/\/api.w.org\/{rel}","templated":true}]}}