{"id":3307,"date":"2025-08-07T15:52:14","date_gmt":"2025-08-07T15:52:14","guid":{"rendered":"https:\/\/andesvolcanicaatacama.com\/?page_id=3307"},"modified":"2025-08-07T16:04:36","modified_gmt":"2025-08-07T16:04:36","slug":"monte-kimal","status":"publish","type":"page","link":"https:\/\/andesvolcanicaatacama.com\/?page_id=3307","title":{"rendered":"Monte Kimal"},"content":{"rendered":"\n<p>ITINERARIO: Dirigi\u00e9ndonos por el Valle de la Paciencia nos internamos hacia la Cordillera de Domeyko en direcci\u00f3n a su cumbre m\u00e1s alta: el cerro Kimal de 4.270 msnm, considerado desde tiempos remotos hasta nuestros d\u00edas, un cerro tutelar, un lugar sagrado en donde se brindan ofrendas por parte de los pueblos originarios andinos.<\/p>\n\n\n\n<p>Durante el recorrido observaremos las distintas formaciones geol\u00f3gicas que conforman la Cordillera de Domeyko y su flora y fauna distintiva. Alcanzaremos en veh\u00edculo hasta los faldeos del monte Kimal desde donde comenzaremos el ascenso hasta llegar a la cumbre en un lapso aproximado de 2:30 hrs.<\/p>\n\n\n\n<p>Desde all\u00ed podremos apreciar el vasto territorio del Desierto de Atacama: la amplia extensi\u00f3n de la Cordillera de los Andes, el Salar de Atacama, el Llano dela Paciencia y la Cordillera de Domeyko.<\/p>\n\n\n\n<p>NIVEL DE DIFICULTAD T\u00c9CNICA: Medio NIVEL DE ESFUERZO F\u00cdSICO: Medio a alto<\/p>\n\n\n\n<p>DISTANCIA APROXIMADA A RECORRER: 6,5 Kms ALTURA M\u00c1XIMA: 4.276 msnm\/ M\u00cdNIMA 3.570 msnm<\/p>\n\n\n\n<p>DURACI\u00d3N: 4:00 horas trekking m\u00e1s 5:00 horas de transporte HORARIO: 8:00 \u2013 17:00 hrs<\/p>\n\n\n\n<p>INCLUYE: Traslados, guiado especializado, raciones de marcha y almuerzo. RECOMENDACIONES: Hay que considerar las variaciones t\u00e9rmicas propias de la zona de altura, lo que requiere llevar ropa de abrigo y para el calor: calzado de trekking de ca\u00f1a alta, sombrero, bloqueador solar, gafas para el sol, 2 litros de agua como m\u00ednimo.<\/p>\n","protected":false},"excerpt":{"rendered":"<p>ITINERARIO: Dirigi\u00e9ndonos por el Valle de la Paciencia nos internamos hacia la Cordillera de Domeyko en direcci\u00f3n a su cumbre m\u00e1s alta: el cerro Kimal&#8230;<\/p>\n","protected":false},"author":1,"featured_media":0,"parent":0,"menu_order":0,"comment_status":"closed","ping_status":"closed","template":"","meta":{"footnotes":""},"class_list":["post-3307","page","type-page","status-publish"],"_links":{"self":[{"href":"https:\/\/andesvolcanicaatacama.com\/index.php?rest_route=\/wp\/v2\/pages\/3307","targetHints":{"allow":["GET"]}}],"collection":[{"href":"https:\/\/andesvolcanicaatacama.com\/index.php?rest_route=\/wp\/v2\/pages"}],"about":[{"href":"https:\/\/andesvolcanicaatacama.com\/index.php?rest_route=\/wp\/v2\/types\/page"}],"author":[{"embeddable":true,"href":"https:\/\/andesvolcanicaatacama.com\/index.php?rest_route=\/wp\/v2\/users\/1"}],"replies":[{"embeddable":true,"href":"https:\/\/andesvolcanicaatacama.com\/index.php?rest_route=%2Fwp%2Fv2%2Fcomments&post=3307"}],"version-history":[{"count":2,"href":"https:\/\/andesvolcanicaatacama.com\/index.php?rest_route=\/wp\/v2\/pages\/3307\/revisions"}],"predecessor-version":[{"id":3314,"href":"https:\/\/andesvolcanicaatacama.com\/index.php?rest_route=\/wp\/v2\/pages\/3307\/revisions\/3314"}],"wp:attachment":[{"href":"https:\/\/andesvolcanicaatacama.com\/index.php?rest_route=%2Fwp%2Fv2%2Fmedia&parent=3307"}],"curies":[{"name":"wp","href":"https:\/\/api.w.org\/{rel}","templated":true}]}}