{"id":3299,"date":"2025-08-07T15:49:16","date_gmt":"2025-08-07T15:49:16","guid":{"rendered":"https:\/\/andesvolcanicaatacama.com\/?page_id=3299"},"modified":"2025-08-07T16:10:51","modified_gmt":"2025-08-07T16:10:51","slug":"volcan-sairecabur","status":"publish","type":"page","link":"https:\/\/andesvolcanicaatacama.com\/?page_id=3299","title":{"rendered":"Volc\u00e1n Sairecabur"},"content":{"rendered":"\n<p>El Sairecabur es un volc\u00e1n actualmente inactivo de 5.974 mts snm, considerado ascensi\u00f3n de alta monta\u00f1a. Est\u00e1 situado en la cadena volc\u00e1nica del mismo nombre en la frontera de la segunda regi\u00f3n de Chile con Bolivia. La denominaci\u00f3n Sairecabur proviene de las palabras en lengua kunza: saire=lluvia y cabur=monta\u00f1a, es decir \u201cla monta\u00f1a de la lluvia\u201d.<\/p>\n\n\n\n<p>ITINERARIO:<\/p>\n\n\n\n<p>NIVEL DE DIFICULTAD T\u00c9CNICA: Medio NIVEL DE ESFUERZO F\u00cdSICO: Alto<\/p>\n\n\n\n<p>DURACI\u00d3N: 5 horas de ascensi\u00f3n, m\u00e1s 3 horas de transporte HORARIO: 6:00 \u2013 15:00<\/p>\n\n\n\n<p>INCLUYE: Traslados, guiado especializado de monta\u00f1a, desayuno, raciones de marcha y bastones para la ascensi\u00f3n. Si las condiciones lo requieren se proveer\u00e1 a los excursionistas de grampones. RECOMENDACIONES: Como es un cerro de alta monta\u00f1a hay que estar preparado para afrontar bajas temperaturas y posible mal de altura, por lo que se hace necesario tener unos 3 d\u00edas de aclimataci\u00f3n en la zona tratando de realizar excursiones cercanas a los 4.000 mts. Beber bastante agua los d\u00edas previos a la ascensi\u00f3n ( 2 a 3 lts diarios).<\/p>\n\n\n\n<p>Llevar calzado de trekking de ca\u00f1a alta, guantes, parka, gorro, sombrero, bloqueador solar, gafas para el sol, 2 litros de agua como m\u00ednimo.<\/p>\n","protected":false},"excerpt":{"rendered":"<p>El Sairecabur es un volc\u00e1n actualmente inactivo de 5.974 mts snm, considerado ascensi\u00f3n de alta monta\u00f1a. Est\u00e1 situado en la cadena volc\u00e1nica del mismo nombre&#8230;<\/p>\n","protected":false},"author":1,"featured_media":0,"parent":0,"menu_order":0,"comment_status":"closed","ping_status":"closed","template":"","meta":{"footnotes":""},"class_list":["post-3299","page","type-page","status-publish"],"_links":{"self":[{"href":"https:\/\/andesvolcanicaatacama.com\/index.php?rest_route=\/wp\/v2\/pages\/3299","targetHints":{"allow":["GET"]}}],"collection":[{"href":"https:\/\/andesvolcanicaatacama.com\/index.php?rest_route=\/wp\/v2\/pages"}],"about":[{"href":"https:\/\/andesvolcanicaatacama.com\/index.php?rest_route=\/wp\/v2\/types\/page"}],"author":[{"embeddable":true,"href":"https:\/\/andesvolcanicaatacama.com\/index.php?rest_route=\/wp\/v2\/users\/1"}],"replies":[{"embeddable":true,"href":"https:\/\/andesvolcanicaatacama.com\/index.php?rest_route=%2Fwp%2Fv2%2Fcomments&post=3299"}],"version-history":[{"count":2,"href":"https:\/\/andesvolcanicaatacama.com\/index.php?rest_route=\/wp\/v2\/pages\/3299\/revisions"}],"predecessor-version":[{"id":3321,"href":"https:\/\/andesvolcanicaatacama.com\/index.php?rest_route=\/wp\/v2\/pages\/3299\/revisions\/3321"}],"wp:attachment":[{"href":"https:\/\/andesvolcanicaatacama.com\/index.php?rest_route=%2Fwp%2Fv2%2Fmedia&parent=3299"}],"curies":[{"name":"wp","href":"https:\/\/api.w.org\/{rel}","templated":true}]}}