{"id":3292,"date":"2025-08-07T15:45:16","date_gmt":"2025-08-07T15:45:16","guid":{"rendered":"https:\/\/andesvolcanicaatacama.com\/?page_id=3292"},"modified":"2025-08-07T16:10:06","modified_gmt":"2025-08-07T16:10:06","slug":"monte-toco","status":"publish","type":"page","link":"https:\/\/andesvolcanicaatacama.com\/?page_id=3292","title":{"rendered":"Monte Toco"},"content":{"rendered":"\n<p>El Toco es un volc\u00e1n actualmente inactivo de 5.604 mts snm, considerado trekking de alta monta\u00f1a. Est\u00e1 situado en el margen occidental de la planicie altipl\u00e1nica de los Andes Centrales en la regi\u00f3n de Antofagasta, Chile, frente al poblado de San Pedro de Atacama. La denominaci\u00f3n Tocko proviene de la lengua kunza y significa cerro de piedra.<\/p>\n\n\n\n<p>ITINERARIO:<\/p>\n\n\n\n<p>Partiendo temprano en la ma\u00f1ana en direcci\u00f3n a la Cordillera de los Andes, tomando el paso internacional de Jama en un viaje de aproximadamente 50 minutos llegaremos a los faldeos del cerro en donde podremos apreciar la gran vista de los valles interiores de la Cordillera y el Salar de Atacama. Comenzaremos a caminar por un tiempo aproximado entre 2 a 3 horas por la ruta tradicional de ascenso, un sendero que nos conduce a la cima, en donde permaneceremos alrededor de \u00bd hora, si las condiciones meteorol\u00f3gicas lo permiten. All\u00ed podremos observar en frente al majestuoso volc\u00e1n Licancabur junto al volc\u00e1n Juriques y la bella laguna Blanca a sus pies, en Bolivia. Hacia el otro lado, hacia el sur, podremos ver el Complejo Astron\u00f3mico m\u00e1s grande del mundo, ALMA, con 66 radiotelescopios desplegados sobre los 5 mil metros de altura, para captar radiaci\u00f3n c\u00f3smica. Regresamos al veh\u00edculo con un tiempo de descenso aproximado de 1 hora.<\/p>\n\n\n\n<p>NIVEL DE DIFICULTAD T\u00c9CNICA: Bajo NIVEL DE ESFUERZO F\u00cdSICO: Alto<\/p>\n\n\n\n<p>DURACI\u00d3N: 2-3 horas de ascensi\u00f3n y descenso, m\u00e1s 1:45 horas de traslados HORARIO: 8:00 \u2013 14:00<\/p>\n\n\n\n<p>INCLUYE: Traslados, guiado especializado de monta\u00f1a, raciones de marcha y bastones para la ascensi\u00f3n. Si las condiciones lo requieren se proveer\u00e1 a los excursionistas de grampones.<\/p>\n\n\n\n<p>RECOMENDACIONES: Como es un cerro de alta monta\u00f1a hay que estar preparado para afrontar bajas temperaturas y posible mal de altura, por lo que se hace necesario tener unos 3 d\u00edas de aclimataci\u00f3n en la zona tratando de realizar excursiones cercanas a los 4.000 mts. Beber bastante agua los d\u00edas previos a la ascensi\u00f3n ( 2 a 3 lts diarios). Llevar calzado de trekking de ca\u00f1a alta, guantes, parka, gorro, sombrero, bloqueador solar, gafas para el sol, 2 litros de agua como m\u00ednimo.<\/p>\n","protected":false},"excerpt":{"rendered":"<p>El Toco es un volc\u00e1n actualmente inactivo de 5.604 mts snm, considerado trekking de alta monta\u00f1a. Est\u00e1 situado en el margen occidental de la planicie&#8230;<\/p>\n","protected":false},"author":1,"featured_media":0,"parent":0,"menu_order":0,"comment_status":"closed","ping_status":"closed","template":"","meta":{"footnotes":""},"class_list":["post-3292","page","type-page","status-publish"],"_links":{"self":[{"href":"https:\/\/andesvolcanicaatacama.com\/index.php?rest_route=\/wp\/v2\/pages\/3292","targetHints":{"allow":["GET"]}}],"collection":[{"href":"https:\/\/andesvolcanicaatacama.com\/index.php?rest_route=\/wp\/v2\/pages"}],"about":[{"href":"https:\/\/andesvolcanicaatacama.com\/index.php?rest_route=\/wp\/v2\/types\/page"}],"author":[{"embeddable":true,"href":"https:\/\/andesvolcanicaatacama.com\/index.php?rest_route=\/wp\/v2\/users\/1"}],"replies":[{"embeddable":true,"href":"https:\/\/andesvolcanicaatacama.com\/index.php?rest_route=%2Fwp%2Fv2%2Fcomments&post=3292"}],"version-history":[{"count":2,"href":"https:\/\/andesvolcanicaatacama.com\/index.php?rest_route=\/wp\/v2\/pages\/3292\/revisions"}],"predecessor-version":[{"id":3320,"href":"https:\/\/andesvolcanicaatacama.com\/index.php?rest_route=\/wp\/v2\/pages\/3292\/revisions\/3320"}],"wp:attachment":[{"href":"https:\/\/andesvolcanicaatacama.com\/index.php?rest_route=%2Fwp%2Fv2%2Fmedia&parent=3292"}],"curies":[{"name":"wp","href":"https:\/\/api.w.org\/{rel}","templated":true}]}}