{"id":3289,"date":"2025-08-07T15:44:10","date_gmt":"2025-08-07T15:44:10","guid":{"rendered":"https:\/\/andesvolcanicaatacama.com\/?page_id=3289"},"modified":"2025-08-07T16:00:57","modified_gmt":"2025-08-07T16:00:57","slug":"trekking-machuca-a-rio-grande","status":"publish","type":"page","link":"https:\/\/andesvolcanicaatacama.com\/?page_id=3289","title":{"rendered":"Trekking Machuca a R\u00edo Grande"},"content":{"rendered":"\n<p>TREKKING MACHUCA &#8211; R\u00cdO GRANDE:<\/p>\n\n\n\n<p>ITINERARIO: El trekking transcurre conectando los poblados atacame\u00f1os de Machuca y R\u00edo Grande, a trav\u00e9s del valle del r\u00edo Pe\u00f1aliri en donde se puede observar la fauna y flora altipl\u00e1nica, antiguos poblados y sitios arqueol\u00f3gicos. Durante el recorrido se visualiza adem\u00e1s el enorme ca\u00f1\u00f3n del valle de R\u00edo Grande en donde se aprecia, a trav\u00e9s de los distintos estratos que lo conforman, las sucesivas etapas geol\u00f3gicas que tuvieron lugar en la zona.<\/p>\n\n\n\n<p>El trayecto fue un hist\u00f3rico paso de pastores y caravaneros para el intercambio de productos desde hace miles de a\u00f1os hasta tiempos recientes.<\/p>\n\n\n\n<p>NIVEL DE DIFICULTAD T\u00c9CNICA: F\u00e1cil NIVEL DE ESFUERZO F\u00cdSICO: Medio<\/p>\n\n\n\n<p>DISTANCIA APROXIMADA A RECORRER: 16 Kms ALTURA M\u00c1XIMA: 4.100 msnm\/ M\u00cdNIMA 3.224 msnm<\/p>\n\n\n\n<p>DURACI\u00d3N: 5 horas trekking m\u00e1s 2:30 horas de transporte HORARIO: 8.00 \u2013 15:00<\/p>\n\n\n\n<p>INCLUYE: Traslados, guiado especializado, raciones de marcha y almuerzo. RECOMENDACIONES: Hay que considerar las variaciones t\u00e9rmicas propias de la zona de altura, lo que requiere llevar ropa de abrigo y para el calor: calzado de trekking de ca\u00f1a alta, sombrero, bloqueador solar, gafas para el sol, 2 litros de agua como m\u00ednimo.<\/p>\n","protected":false},"excerpt":{"rendered":"<p>TREKKING MACHUCA &#8211; R\u00cdO GRANDE: ITINERARIO: El trekking transcurre conectando los poblados atacame\u00f1os de Machuca y R\u00edo Grande, a trav\u00e9s del valle del r\u00edo Pe\u00f1aliri&#8230;<\/p>\n","protected":false},"author":1,"featured_media":0,"parent":0,"menu_order":0,"comment_status":"closed","ping_status":"closed","template":"","meta":{"footnotes":""},"class_list":["post-3289","page","type-page","status-publish"],"_links":{"self":[{"href":"https:\/\/andesvolcanicaatacama.com\/index.php?rest_route=\/wp\/v2\/pages\/3289","targetHints":{"allow":["GET"]}}],"collection":[{"href":"https:\/\/andesvolcanicaatacama.com\/index.php?rest_route=\/wp\/v2\/pages"}],"about":[{"href":"https:\/\/andesvolcanicaatacama.com\/index.php?rest_route=\/wp\/v2\/types\/page"}],"author":[{"embeddable":true,"href":"https:\/\/andesvolcanicaatacama.com\/index.php?rest_route=\/wp\/v2\/users\/1"}],"replies":[{"embeddable":true,"href":"https:\/\/andesvolcanicaatacama.com\/index.php?rest_route=%2Fwp%2Fv2%2Fcomments&post=3289"}],"version-history":[{"count":2,"href":"https:\/\/andesvolcanicaatacama.com\/index.php?rest_route=\/wp\/v2\/pages\/3289\/revisions"}],"predecessor-version":[{"id":3310,"href":"https:\/\/andesvolcanicaatacama.com\/index.php?rest_route=\/wp\/v2\/pages\/3289\/revisions\/3310"}],"wp:attachment":[{"href":"https:\/\/andesvolcanicaatacama.com\/index.php?rest_route=%2Fwp%2Fv2%2Fmedia&parent=3289"}],"curies":[{"name":"wp","href":"https:\/\/api.w.org\/{rel}","templated":true}]}}