{"id":3285,"date":"2025-08-07T15:41:43","date_gmt":"2025-08-07T15:41:43","guid":{"rendered":"https:\/\/andesvolcanicaatacama.com\/?page_id=3285"},"modified":"2025-08-07T16:03:30","modified_gmt":"2025-08-07T16:03:30","slug":"trekking-catarpe-san-bartolo","status":"publish","type":"page","link":"https:\/\/andesvolcanicaatacama.com\/?page_id=3285","title":{"rendered":"Trekking Catarpe &#8211; San Bartolo"},"content":{"rendered":"\n<p>ITINERARIO:<\/p>\n\n\n\n<p>Desde San Pedro de Atacama en autom\u00f3vil nos dirigiremos hacia el norte, en los m\u00e1rgenes de la cordillera de la sal y del r\u00edo San Pedro por un laber\u00edntico camino que nos conducir\u00e1, despu\u00e9s de aproximadamente una hora de viaje, al ca\u00f1\u00f3n de R\u00edo Grande en donde comenzaremos el trekking descendiendo por el lecho de ese r\u00edo, atravesando ca\u00f1ones estrechos en donde tendremos que circular por el agua hasta que lleguemos a la confluencia con el r\u00edo Salado, que son los afluentes que conforman el R\u00edo San Pedro que pasa junto al pueblo del mismo nombre, en donde se abre un hermoso paisaje con vegetaci\u00f3n de oasis rodeado de enormes ca\u00f1ones de roca volc\u00e1nica que delimitan con el desierto. Durante el trayecto se puede observar diversidad de petroglifos, principalmente en las inmediaciones del r\u00edo Salado.<\/p>\n\n\n\n<p>NIVEL DE DIFICULTAD T\u00c9CNICA: F\u00e1cil NIVEL DE ESFUERZO F\u00cdSICO: Medio<\/p>\n\n\n\n<p>DISTANCIA APROXIMADA A RECORRER: 10 Kms ALTURA M\u00c1XIMA: 2.800 msnm\/ M\u00cdNIMA 2.500 msnm<\/p>\n\n\n\n<p>DURACI\u00d3N: 3,5 horas trekking m\u00e1s 1:45 horas de transporte HORARIO: 8.00 \u2013 14:00<\/p>\n\n\n\n<p>INCLUYE: Traslados, guiado especializado, raciones de marcha.<\/p>\n\n\n\n<p>RECOMENDACIONES: Hay que considerar que buena parte del trayecto la caminaremos por el agua, por lo que se debe llevar un calzado adecuado, sombrero, gafas para el sol, traje de ba\u00f1o (opcional), bloqueador solar y 2 litros de agua.<\/p>\n","protected":false},"excerpt":{"rendered":"<p>ITINERARIO: Desde San Pedro de Atacama en autom\u00f3vil nos dirigiremos hacia el norte, en los m\u00e1rgenes de la cordillera de la sal y del r\u00edo&#8230;<\/p>\n","protected":false},"author":1,"featured_media":0,"parent":0,"menu_order":0,"comment_status":"closed","ping_status":"closed","template":"","meta":{"footnotes":""},"class_list":["post-3285","page","type-page","status-publish"],"_links":{"self":[{"href":"https:\/\/andesvolcanicaatacama.com\/index.php?rest_route=\/wp\/v2\/pages\/3285","targetHints":{"allow":["GET"]}}],"collection":[{"href":"https:\/\/andesvolcanicaatacama.com\/index.php?rest_route=\/wp\/v2\/pages"}],"about":[{"href":"https:\/\/andesvolcanicaatacama.com\/index.php?rest_route=\/wp\/v2\/types\/page"}],"author":[{"embeddable":true,"href":"https:\/\/andesvolcanicaatacama.com\/index.php?rest_route=\/wp\/v2\/users\/1"}],"replies":[{"embeddable":true,"href":"https:\/\/andesvolcanicaatacama.com\/index.php?rest_route=%2Fwp%2Fv2%2Fcomments&post=3285"}],"version-history":[{"count":2,"href":"https:\/\/andesvolcanicaatacama.com\/index.php?rest_route=\/wp\/v2\/pages\/3285\/revisions"}],"predecessor-version":[{"id":3313,"href":"https:\/\/andesvolcanicaatacama.com\/index.php?rest_route=\/wp\/v2\/pages\/3285\/revisions\/3313"}],"wp:attachment":[{"href":"https:\/\/andesvolcanicaatacama.com\/index.php?rest_route=%2Fwp%2Fv2%2Fmedia&parent=3285"}],"curies":[{"name":"wp","href":"https:\/\/api.w.org\/{rel}","templated":true}]}}