{"id":3278,"date":"2025-08-07T15:29:47","date_gmt":"2025-08-07T15:29:47","guid":{"rendered":"https:\/\/andesvolcanicaatacama.com\/?page_id=3278"},"modified":"2025-08-07T16:01:28","modified_gmt":"2025-08-07T16:01:28","slug":"trekking-termas-de-puritama","status":"publish","type":"page","link":"https:\/\/andesvolcanicaatacama.com\/?page_id=3278","title":{"rendered":"Trekking Termas de Puritama"},"content":{"rendered":"\n<p>ITINERARIO: Ubicado a 20 kms al norte de San Pedro de Atacama se encuentra el poblado de Guatin, desde donde comenzaremos el trekking, ascendiendo por la quebrada del r\u00edo Puritama. El paisaje que observaremos corresponde a la Puna Atacame\u00f1a y ha sido conformado por los distintos procesos geol\u00f3gicos que han tenido lugar en la zona junto con la vegetaci\u00f3n caracter\u00edstica, en la que destacan enormes cactus centenarios, adem\u00e1s de varias yerbas medicinales, comestibles y arom\u00e1ticas que se pueden identificar durante el trayecto. En cuanto a la fauna, lo m\u00e1s interesante es detenerse a observar a las vizcachas en su propio h\u00e1bitat tomado el sol o saltando por las rocas. Tambi\u00e9n se pueden visualizar varios asentamientos humanos con significaci\u00f3n arqueol\u00f3gica, correspondientes a distintos per\u00edodos de ocupaci\u00f3n, desde el per\u00edodo arcaico hasta construcciones abandonadas recientemente.<\/p>\n\n\n\n<p>Despu\u00e9s de aproximadamente 2 horas 30 minutos, llegaremos a las termas de Puritama para tomar un ba\u00f1o de agua tibia hasta 34\u00b0C, en los distintos pozones que conforman el centro termal, algunos de<\/p>\n\n\n\n<p>los cuales se producen cascadas que son apropiadas para realizarse hidromasajes. NIVEL DE<\/p>\n\n\n\n<p>DIFICULTAD T\u00c9CNICA: F\u00e1cil<\/p>\n\n\n\n<p>NIVEL DE ESFUERZO F\u00cdSICO: Medio DISTANCIA APROXIMADA A RECORRER: 5 kms<\/p>\n\n\n\n<p>DURACI\u00d3N: 2 a 3 horas trekking y 1 hora de traslado ida y vuelta. HORARIO: 8:00 \u2013 14:00 hrs<\/p>\n\n\n\n<p>ALTURA M\u00c1XIMA: 3.400 msnm \/ M\u00cdNIMA: 2.460 msnm<\/p>\n\n\n\n<p>INCLUYE: Traslados, guiado especializado y raciones de marcha.<\/p>\n","protected":false},"excerpt":{"rendered":"<p>ITINERARIO: Ubicado a 20 kms al norte de San Pedro de Atacama se encuentra el poblado de Guatin, desde donde comenzaremos el trekking, ascendiendo por&#8230;<\/p>\n","protected":false},"author":1,"featured_media":0,"parent":0,"menu_order":0,"comment_status":"closed","ping_status":"closed","template":"","meta":{"footnotes":""},"class_list":["post-3278","page","type-page","status-publish"],"_links":{"self":[{"href":"https:\/\/andesvolcanicaatacama.com\/index.php?rest_route=\/wp\/v2\/pages\/3278","targetHints":{"allow":["GET"]}}],"collection":[{"href":"https:\/\/andesvolcanicaatacama.com\/index.php?rest_route=\/wp\/v2\/pages"}],"about":[{"href":"https:\/\/andesvolcanicaatacama.com\/index.php?rest_route=\/wp\/v2\/types\/page"}],"author":[{"embeddable":true,"href":"https:\/\/andesvolcanicaatacama.com\/index.php?rest_route=\/wp\/v2\/users\/1"}],"replies":[{"embeddable":true,"href":"https:\/\/andesvolcanicaatacama.com\/index.php?rest_route=%2Fwp%2Fv2%2Fcomments&post=3278"}],"version-history":[{"count":2,"href":"https:\/\/andesvolcanicaatacama.com\/index.php?rest_route=\/wp\/v2\/pages\/3278\/revisions"}],"predecessor-version":[{"id":3311,"href":"https:\/\/andesvolcanicaatacama.com\/index.php?rest_route=\/wp\/v2\/pages\/3278\/revisions\/3311"}],"wp:attachment":[{"href":"https:\/\/andesvolcanicaatacama.com\/index.php?rest_route=%2Fwp%2Fv2%2Fmedia&parent=3278"}],"curies":[{"name":"wp","href":"https:\/\/api.w.org\/{rel}","templated":true}]}}