{"id":3275,"date":"2025-08-07T15:27:40","date_gmt":"2025-08-07T15:27:40","guid":{"rendered":"https:\/\/andesvolcanicaatacama.com\/?page_id=3275"},"modified":"2025-08-07T16:02:09","modified_gmt":"2025-08-07T16:02:09","slug":"trekking-valle-de-los-cactus","status":"publish","type":"page","link":"https:\/\/andesvolcanicaatacama.com\/?page_id=3275","title":{"rendered":"Trekking Valle de los Cactus"},"content":{"rendered":"\n<p>ITINERARIO: Ubicado a 20 kms al norte de San Pedro de Atacama se encuentra el poblado de Guatin, desde donde comenzaremos el trekking, descendiendo por el ca\u00f1\u00f3n del r\u00edo Vilama conformado por la confluencia de los r\u00edo Puritama y Purifica. El ca\u00f1\u00f3n, desde el punto de vista geol\u00f3gico, est\u00e1 conformado por ceniza volc\u00e1nica compactada llamada ignimbrita y por una colada de lava bas\u00e1ltica ( roca negra) proveniente del volc\u00e1n Sairecabur.<\/p>\n\n\n\n<p>Durante todo el recorrido observaremos una gran cantidad de cactus centenarios que coronan los bordes del ca\u00f1\u00f3n por donde nos iremos internando r\u00edo abajo. Hacia el final del trayecto despu\u00e9s de aproximadamente una hora y 30 minutos, el ca\u00f1\u00f3n se abre y podemos contemplar una enorme extensi\u00f3n de la cordillera de la sal y del salar de Atacama. Ya pr\u00f3ximos a nuestro destino ascenderemos una peque\u00f1a colina en donde estar\u00e1 nuestro veh\u00edculo que nos llevar\u00e1 de regreso a San Pedro de Atacama.<\/p>\n\n\n\n<p>NIVEL DE DIFICULTAD T\u00c9CNICA: F\u00e1cil a Medio NIVEL DE ESFUERZO F\u00cdSICO: F\u00e1cil a Medio DISTANCIA APROXIMADA A RECORRER: 6 kms<\/p>\n\n\n\n<p>DURACI\u00d3N: 2:30 horas trekking y 1 hora de traslado ida y vuelta. HORARIO: 8:00 \u2013 11:00 hrs<\/p>\n\n\n\n<p>ALTURA M\u00c1XIMA: 3.200 msnm \/ M\u00cdNIMA: 2.880 msnm<\/p>\n\n\n\n<p>INCLUYE: Traslados, guiado especializado y raciones de marcha.<\/p>\n","protected":false},"excerpt":{"rendered":"<p>ITINERARIO: Ubicado a 20 kms al norte de San Pedro de Atacama se encuentra el poblado de Guatin, desde donde comenzaremos el trekking, descendiendo por&#8230;<\/p>\n","protected":false},"author":1,"featured_media":0,"parent":0,"menu_order":0,"comment_status":"closed","ping_status":"closed","template":"","meta":{"footnotes":""},"class_list":["post-3275","page","type-page","status-publish"],"_links":{"self":[{"href":"https:\/\/andesvolcanicaatacama.com\/index.php?rest_route=\/wp\/v2\/pages\/3275","targetHints":{"allow":["GET"]}}],"collection":[{"href":"https:\/\/andesvolcanicaatacama.com\/index.php?rest_route=\/wp\/v2\/pages"}],"about":[{"href":"https:\/\/andesvolcanicaatacama.com\/index.php?rest_route=\/wp\/v2\/types\/page"}],"author":[{"embeddable":true,"href":"https:\/\/andesvolcanicaatacama.com\/index.php?rest_route=\/wp\/v2\/users\/1"}],"replies":[{"embeddable":true,"href":"https:\/\/andesvolcanicaatacama.com\/index.php?rest_route=%2Fwp%2Fv2%2Fcomments&post=3275"}],"version-history":[{"count":2,"href":"https:\/\/andesvolcanicaatacama.com\/index.php?rest_route=\/wp\/v2\/pages\/3275\/revisions"}],"predecessor-version":[{"id":3312,"href":"https:\/\/andesvolcanicaatacama.com\/index.php?rest_route=\/wp\/v2\/pages\/3275\/revisions\/3312"}],"wp:attachment":[{"href":"https:\/\/andesvolcanicaatacama.com\/index.php?rest_route=%2Fwp%2Fv2%2Fmedia&parent=3275"}],"curies":[{"name":"wp","href":"https:\/\/api.w.org\/{rel}","templated":true}]}}